{"id":3367,"date":"2024-11-20T14:28:15","date_gmt":"2024-11-20T20:28:15","guid":{"rendered":"https:\/\/onlyrivieragroup.com\/groups\/"},"modified":"2025-02-10T10:57:57","modified_gmt":"2025-02-10T16:57:57","slug":"grupos","status":"publish","type":"page","link":"https:\/\/onlyrivieragroup.com\/es\/grupos\/","title":{"rendered":"Grupos"},"content":{"rendered":"<div class=\"wpb-content-wrapper\"><p>[vc_row][vc_column]<div class=\"cz_eqh cz_content_box_parent_fx  \"><div id=\"cz_87246\" class=\"cz_87246 cz_content_box clr wpb_animate_when_almost_visible fadeIn\"><div class=\"cz_box_front clr\"><div class=\"cz_box_front_inner clr \"><span><\/span><div><div id=\"cz_24280\" class=\"cz_24280 cz_title clr cz_mobile_text_center cz_title_pos_center\"><div class=\"cz_title_content\"><div class=\"cz_wpe_content\"><h1>Servicio de transportaci\u00f3n en Puerto Vallarta hacia el Aeropuerto PVR<\/h1>\n<\/div><\/div><\/div><div id=\"cz_71530\" class=\"cz_71530 cz_title clr cz_title_has_bg cz_title_pos_center tac\"><div class=\"cz_title_content\"><div class=\"cz_wpe_content\"><h2 style=\"text-align: center;\">Transportaci\u00f3n para grupos en Puerto Vallarta<\/h2>\n<\/div><\/div><\/div>[vc_row_inner][vc_column_inner width=\u00bb1\/2&#8243;]<div id=\"cz_99083\" class=\"cz_99083 cz_title clr cz_mobile_text_center cz_title_pos_inline\"><div class=\"cz_title_content\"><div class=\"cz_wpe_content\"><h3>Experiencia fluida y sin estr\u00e9s para grupos<\/h3>\n<p>Nuestro servicio de transportaci\u00f3n especializado desde el Aeropuerto Internacional de Puerto Vallarta PVR es la opci\u00f3n ideal para <em>gestionar grupos de cualquier tama\u00f1o<\/em>. <strong><strong>Ofrecemos servicio para eventos corporativos,<\/strong>bodas, reuniones familiares o cualquier reuni\u00f3n convenci\u00f3n<\/strong> en Puerto Vallarta o Riviera Nayarit.<\/p>\n<p>&nbsp;<\/p>\n<p>Nuestra flotilla de veh\u00edculos de lujo est\u00e1 dise\u00f1ada para recibir c\u00f3modamente a pasajeros, garantizando que todos tengan espacio suficiente para s\u00ed mismos y para su equipaje. Estamos listos para ayudarte si viajas con pocos amigos o con un equipo numeroso, tenemos los veh\u00edculos adecuados para satisfacer sus necesidades.<\/p>\n<p>&nbsp;<\/p>\n<p>Uno de los elementos clave que distingue a nuestro servicio es nuestro <strong>compromiso con una excelente atenci\u00f3n al cliente<\/strong>. Nuestros conductores, amables y profesionales, no s\u00f3lo son expertos en desplazarse por la zona, sino que tambi\u00e9n se dedican a hacer que tu viaje sea lo m\u00e1s c\u00f3modo y agradable posible. <\/p>\n<\/div><\/div><\/div><div id=\"cz_72470\" class=\"cz_72470 cz_title clr cz_mobile_text_center cz_title_pos_left\"><div class=\"cz_title_content\"><div class=\"cz_wpe_content\"><h4><strong><i class=\"far fa-circle-check\"><\/i> Festivales<br \/>\n<i class=\"far fa-circle-check\"><\/i> Eventos deportivos<br \/>\n<i class=\"far fa-circle-check\"><\/i> Eventos corporativos<\/strong><br \/>\n<i class=\"far fa-circle-check\"><\/i> Bodas y eventos sociales<br \/>\n<i class=\"far fa-circle-check\"><\/i> Conferencias y convenciones<\/h4>\n<\/div><\/div><\/div>[\/vc_column_inner][vc_column_inner width=\u00bb1\/2&#8243;]<div id=\"cz_41787\" data-position=\"top-right\" class=\"cz_41787 cz_image clr cz_image_no_fx center_on_mobile hide_on_mobile\"><div class=\"\" ><div class=\"cz_image_in\"><div class=\"cz_main_image\"><img loading=\"lazy\" decoding=\"async\" width=\"1280\" height=\"960\" src=\"https:\/\/onlyrivieragroup.com\/wp-content\/uploads\/2024\/11\/premiun-transportation-service-in-puerto-vallarta00002-de-tamano-grande.jpeg\" class=\"attachment-full\" alt=\"\" title=\"premiun transportation service in puerto vallarta00002 de taman\u0303o grande\" srcset=\"https:\/\/onlyrivieragroup.com\/wp-content\/uploads\/2024\/11\/premiun-transportation-service-in-puerto-vallarta00002-de-tamano-grande.jpeg 1280w, https:\/\/onlyrivieragroup.com\/wp-content\/uploads\/2024\/11\/premiun-transportation-service-in-puerto-vallarta00002-de-tamano-grande-300x225.jpeg 300w, https:\/\/onlyrivieragroup.com\/wp-content\/uploads\/2024\/11\/premiun-transportation-service-in-puerto-vallarta00002-de-tamano-grande-1024x768.jpeg 1024w, https:\/\/onlyrivieragroup.com\/wp-content\/uploads\/2024\/11\/premiun-transportation-service-in-puerto-vallarta00002-de-tamano-grande-768x576.jpeg 768w, https:\/\/onlyrivieragroup.com\/wp-content\/uploads\/2024\/11\/premiun-transportation-service-in-puerto-vallarta00002-de-tamano-grande-600x450.jpeg 600w, https:\/\/onlyrivieragroup.com\/wp-content\/uploads\/2024\/11\/premiun-transportation-service-in-puerto-vallarta00002-de-tamano-grande-170x128.jpeg 170w, https:\/\/onlyrivieragroup.com\/wp-content\/uploads\/2024\/11\/premiun-transportation-service-in-puerto-vallarta00002-de-tamano-grande-110x83.jpeg 110w, https:\/\/onlyrivieragroup.com\/wp-content\/uploads\/2024\/11\/premiun-transportation-service-in-puerto-vallarta00002-de-tamano-grande-1000x750.jpeg 1000w\" sizes=\"auto, (max-width: 1280px) 100vw, 1280px\" \/><\/div><\/div><\/div><\/div><div id=\"cz_33018\" data-position=\"top-right\" class=\"cz_33018 cz_image clr cz_image_no_fx center_on_mobile hide_on_mobile\"><div class=\"\" ><div class=\"cz_image_in\"><div class=\"cz_main_image\"><img loading=\"lazy\" decoding=\"async\" width=\"1600\" height=\"900\" src=\"https:\/\/onlyrivieragroup.com\/wp-content\/uploads\/2024\/12\/private-transportation-for-groups-in-puerto-vallarta-00002.jpg\" class=\"attachment-full\" alt=\"\" title=\"private transportation for groups in puerto vallarta 00002\" srcset=\"https:\/\/onlyrivieragroup.com\/wp-content\/uploads\/2024\/12\/private-transportation-for-groups-in-puerto-vallarta-00002.jpg 1600w, https:\/\/onlyrivieragroup.com\/wp-content\/uploads\/2024\/12\/private-transportation-for-groups-in-puerto-vallarta-00002-300x169.jpg 300w, https:\/\/onlyrivieragroup.com\/wp-content\/uploads\/2024\/12\/private-transportation-for-groups-in-puerto-vallarta-00002-1024x576.jpg 1024w, https:\/\/onlyrivieragroup.com\/wp-content\/uploads\/2024\/12\/private-transportation-for-groups-in-puerto-vallarta-00002-768x432.jpg 768w, https:\/\/onlyrivieragroup.com\/wp-content\/uploads\/2024\/12\/private-transportation-for-groups-in-puerto-vallarta-00002-1536x864.jpg 1536w, https:\/\/onlyrivieragroup.com\/wp-content\/uploads\/2024\/12\/private-transportation-for-groups-in-puerto-vallarta-00002-600x338.jpg 600w, https:\/\/onlyrivieragroup.com\/wp-content\/uploads\/2024\/12\/private-transportation-for-groups-in-puerto-vallarta-00002-170x96.jpg 170w, https:\/\/onlyrivieragroup.com\/wp-content\/uploads\/2024\/12\/private-transportation-for-groups-in-puerto-vallarta-00002-110x62.jpg 110w, https:\/\/onlyrivieragroup.com\/wp-content\/uploads\/2024\/12\/private-transportation-for-groups-in-puerto-vallarta-00002-1000x563.jpg 1000w\" sizes=\"auto, (max-width: 1600px) 100vw, 1600px\" \/><\/div><\/div><\/div><\/div>[\/vc_column_inner][\/vc_row_inner]<\/div><\/div><\/div><\/div><\/div>[\/vc_column][\/vc_row][vc_row css=\u00bb.vc_custom_1734018044640{margin-right: 7px !important;margin-bottom: 10px !important;margin-left: 7px !important;background-image: url(https:\/\/onlyrivieragroup.com\/wp-content\/uploads\/2024\/12\/private-transportation-for-groups-in-puerto-vallarta-00002.jpg?id=2621) !important;background-position: center !important;background-repeat: no-repeat !important;background-size: cover !important;}\u00bb][vc_column offset=\u00bbvc_hidden-lg vc_hidden-md\u00bb]<div class=\"cz_gap clr  hide_on_mobile\" style=\"height: 0px\"><\/div><div class=\"cz_gap show_on_mobile clr\" style=\"height: 300px\"><\/div>[\/vc_column][\/vc_row][vc_row][vc_column css_animation=\u00bbfadeInUp\u00bb][vc_row_inner][vc_column_inner]<div id=\"cz_108052\" class=\"cz_grid_p cz_108052\"><div class=\"cz_grid cz_grid_1 clr cz_grid_c4 cz_grid_1_no_hover cz_grid_1_mid tac cz_grid_two_columns_on_mobile cz_tooltip cz_grid_1_no_title\"><div class=\"cz_grid_item cz_grid_first\"><\/div><div class=\"cz_grid_item \"><div data-title=\"private transportation for groups in puerto vallarta 00002\"><a class=\"cz_grid_link \" href=\"https:\/\/onlyrivieragroup.com\/wp-content\/uploads\/2024\/12\/private-transportation-for-groups-in-puerto-vallarta-00002.jpg\" data-xtra-lightbox><img loading=\"lazy\" decoding=\"async\" width=\"600\" height=\"600\" src=\"https:\/\/onlyrivieragroup.com\/wp-content\/uploads\/2024\/12\/private-transportation-for-groups-in-puerto-vallarta-00002-600x600.jpg\" class=\"attachment-codevz_600_600\" alt=\"\" title=\"private transportation for groups in puerto vallarta 00002\" srcset=\"https:\/\/onlyrivieragroup.com\/wp-content\/uploads\/2024\/12\/private-transportation-for-groups-in-puerto-vallarta-00002-600x600.jpg 600w, https:\/\/onlyrivieragroup.com\/wp-content\/uploads\/2024\/12\/private-transportation-for-groups-in-puerto-vallarta-00002-150x150.jpg 150w, https:\/\/onlyrivieragroup.com\/wp-content\/uploads\/2024\/12\/private-transportation-for-groups-in-puerto-vallarta-00002-100x100.jpg 100w\" sizes=\"auto, (max-width: 600px) 100vw, 600px\" \/><div class=\"cz_grid_details\"><i class=\"fa fa-search cz_grid_icon\"><\/i><\/div><\/a><\/div><\/div><div class=\"cz_grid_item \"><div data-title=\"vip transportation service in puerto vallarta 00005 de taman\u0303o grande\"><a class=\"cz_grid_link \" href=\"https:\/\/onlyrivieragroup.com\/wp-content\/uploads\/2024\/11\/vip-transportation-service-in-puerto-vallarta-00005-de-tamano-grande.jpeg\" data-xtra-lightbox><img loading=\"lazy\" decoding=\"async\" width=\"600\" height=\"600\" src=\"https:\/\/onlyrivieragroup.com\/wp-content\/uploads\/2024\/11\/vip-transportation-service-in-puerto-vallarta-00005-de-tamano-grande-600x600.jpeg\" class=\"attachment-codevz_600_600\" alt=\"\" title=\"vip transportation service in puerto vallarta 00005 de taman\u0303o grande\" srcset=\"https:\/\/onlyrivieragroup.com\/wp-content\/uploads\/2024\/11\/vip-transportation-service-in-puerto-vallarta-00005-de-tamano-grande-600x600.jpeg 600w, https:\/\/onlyrivieragroup.com\/wp-content\/uploads\/2024\/11\/vip-transportation-service-in-puerto-vallarta-00005-de-tamano-grande-150x150.jpeg 150w, https:\/\/onlyrivieragroup.com\/wp-content\/uploads\/2024\/11\/vip-transportation-service-in-puerto-vallarta-00005-de-tamano-grande-100x100.jpeg 100w\" sizes=\"auto, (max-width: 600px) 100vw, 600px\" \/><div class=\"cz_grid_details\"><i class=\"fa fa-search cz_grid_icon\"><\/i><\/div><\/a><\/div><\/div><div class=\"cz_grid_item \"><div data-title=\"vip transportation service in puerto vallarta 00013 de taman\u0303o grande\"><a class=\"cz_grid_link \" href=\"https:\/\/onlyrivieragroup.com\/wp-content\/uploads\/2024\/11\/vip-transportation-service-in-puerto-vallarta-00013-de-tamano-grande.jpeg\" data-xtra-lightbox><img loading=\"lazy\" decoding=\"async\" width=\"600\" height=\"600\" src=\"https:\/\/onlyrivieragroup.com\/wp-content\/uploads\/2024\/11\/vip-transportation-service-in-puerto-vallarta-00013-de-tamano-grande-600x600.jpeg\" class=\"attachment-codevz_600_600\" alt=\"\" title=\"vip transportation service in puerto vallarta 00013 de taman\u0303o grande\" srcset=\"https:\/\/onlyrivieragroup.com\/wp-content\/uploads\/2024\/11\/vip-transportation-service-in-puerto-vallarta-00013-de-tamano-grande-600x600.jpeg 600w, https:\/\/onlyrivieragroup.com\/wp-content\/uploads\/2024\/11\/vip-transportation-service-in-puerto-vallarta-00013-de-tamano-grande-150x150.jpeg 150w, https:\/\/onlyrivieragroup.com\/wp-content\/uploads\/2024\/11\/vip-transportation-service-in-puerto-vallarta-00013-de-tamano-grande-100x100.jpeg 100w\" sizes=\"auto, (max-width: 600px) 100vw, 600px\" \/><div class=\"cz_grid_details\"><i class=\"fa fa-search cz_grid_icon\"><\/i><\/div><\/a><\/div><\/div><div class=\"cz_grid_item \"><div data-title=\"vip transportation service in puerto vallarta 00017 de taman\u0303o grande\"><a class=\"cz_grid_link \" href=\"https:\/\/onlyrivieragroup.com\/wp-content\/uploads\/2024\/11\/vip-transportation-service-in-puerto-vallarta-00017-de-tamano-grande.jpeg\" data-xtra-lightbox><img loading=\"lazy\" decoding=\"async\" width=\"600\" height=\"600\" src=\"https:\/\/onlyrivieragroup.com\/wp-content\/uploads\/2024\/11\/vip-transportation-service-in-puerto-vallarta-00017-de-tamano-grande-600x600.jpeg\" class=\"attachment-codevz_600_600\" alt=\"\" title=\"vip transportation service in puerto vallarta 00017 de taman\u0303o grande\" srcset=\"https:\/\/onlyrivieragroup.com\/wp-content\/uploads\/2024\/11\/vip-transportation-service-in-puerto-vallarta-00017-de-tamano-grande-600x600.jpeg 600w, https:\/\/onlyrivieragroup.com\/wp-content\/uploads\/2024\/11\/vip-transportation-service-in-puerto-vallarta-00017-de-tamano-grande-150x150.jpeg 150w, https:\/\/onlyrivieragroup.com\/wp-content\/uploads\/2024\/11\/vip-transportation-service-in-puerto-vallarta-00017-de-tamano-grande-100x100.jpeg 100w\" sizes=\"auto, (max-width: 600px) 100vw, 600px\" \/><div class=\"cz_grid_details\"><i class=\"fa fa-search cz_grid_icon\"><\/i><\/div><\/a><\/div><\/div><div class=\"cz_grid_item \"><div data-title=\"private transportation for groups in puerto vallarta 00001\"><a class=\"cz_grid_link \" href=\"https:\/\/onlyrivieragroup.com\/wp-content\/uploads\/2024\/12\/private-transportation-for-groups-in-puerto-vallarta-00001.jpg\" data-xtra-lightbox><img loading=\"lazy\" decoding=\"async\" width=\"600\" height=\"600\" src=\"https:\/\/onlyrivieragroup.com\/wp-content\/uploads\/2024\/12\/private-transportation-for-groups-in-puerto-vallarta-00001-600x600.jpg\" class=\"attachment-codevz_600_600\" alt=\"\" title=\"private transportation for groups in puerto vallarta 00001\" srcset=\"https:\/\/onlyrivieragroup.com\/wp-content\/uploads\/2024\/12\/private-transportation-for-groups-in-puerto-vallarta-00001-600x600.jpg 600w, https:\/\/onlyrivieragroup.com\/wp-content\/uploads\/2024\/12\/private-transportation-for-groups-in-puerto-vallarta-00001-150x150.jpg 150w, https:\/\/onlyrivieragroup.com\/wp-content\/uploads\/2024\/12\/private-transportation-for-groups-in-puerto-vallarta-00001-100x100.jpg 100w\" sizes=\"auto, (max-width: 600px) 100vw, 600px\" \/><div class=\"cz_grid_details\"><i class=\"fa fa-search cz_grid_icon\"><\/i><\/div><\/a><\/div><\/div><div class=\"cz_grid_item \"><div data-title=\"vip transportation service in puerto vallarta 00016 de taman\u0303o grande\"><a class=\"cz_grid_link \" href=\"https:\/\/onlyrivieragroup.com\/wp-content\/uploads\/2024\/11\/vip-transportation-service-in-puerto-vallarta-00016-de-tamano-grande.jpeg\" data-xtra-lightbox><img loading=\"lazy\" decoding=\"async\" width=\"600\" height=\"600\" src=\"https:\/\/onlyrivieragroup.com\/wp-content\/uploads\/2024\/11\/vip-transportation-service-in-puerto-vallarta-00016-de-tamano-grande-600x600.jpeg\" class=\"attachment-codevz_600_600\" alt=\"\" title=\"vip transportation service in puerto vallarta 00016 de taman\u0303o grande\" srcset=\"https:\/\/onlyrivieragroup.com\/wp-content\/uploads\/2024\/11\/vip-transportation-service-in-puerto-vallarta-00016-de-tamano-grande-600x600.jpeg 600w, https:\/\/onlyrivieragroup.com\/wp-content\/uploads\/2024\/11\/vip-transportation-service-in-puerto-vallarta-00016-de-tamano-grande-150x150.jpeg 150w, https:\/\/onlyrivieragroup.com\/wp-content\/uploads\/2024\/11\/vip-transportation-service-in-puerto-vallarta-00016-de-tamano-grande-100x100.jpeg 100w\" sizes=\"auto, (max-width: 600px) 100vw, 600px\" \/><div class=\"cz_grid_details\"><i class=\"fa fa-search cz_grid_icon\"><\/i><\/div><\/a><\/div><\/div><div class=\"cz_grid_item \"><div data-title=\"Vehiculos Only Riviera (4) (2)\"><a class=\"cz_grid_link \" href=\"https:\/\/onlyrivieragroup.com\/wp-content\/uploads\/2024\/12\/Vehiculos-Only-Riviera-4-2.jpg\" data-xtra-lightbox><img loading=\"lazy\" decoding=\"async\" width=\"600\" height=\"600\" src=\"https:\/\/onlyrivieragroup.com\/wp-content\/uploads\/2024\/12\/Vehiculos-Only-Riviera-4-2-600x600.jpg\" class=\"attachment-codevz_600_600\" alt=\"\" title=\"Vehiculos Only Riviera (4) (2)\" srcset=\"https:\/\/onlyrivieragroup.com\/wp-content\/uploads\/2024\/12\/Vehiculos-Only-Riviera-4-2-600x600.jpg 600w, https:\/\/onlyrivieragroup.com\/wp-content\/uploads\/2024\/12\/Vehiculos-Only-Riviera-4-2-150x150.jpg 150w, https:\/\/onlyrivieragroup.com\/wp-content\/uploads\/2024\/12\/Vehiculos-Only-Riviera-4-2-100x100.jpg 100w\" sizes=\"auto, (max-width: 600px) 100vw, 600px\" \/><div class=\"cz_grid_details\"><i class=\"fa fa-search cz_grid_icon\"><\/i><\/div><\/a><\/div><\/div><div class=\"cz_grid_item \"><div data-title=\"private transportation for groups in puerto vallarta 00003\"><a class=\"cz_grid_link \" href=\"https:\/\/onlyrivieragroup.com\/wp-content\/uploads\/2024\/12\/private-transportation-for-groups-in-puerto-vallarta-00003.jpg\" data-xtra-lightbox><img loading=\"lazy\" decoding=\"async\" width=\"600\" height=\"600\" src=\"https:\/\/onlyrivieragroup.com\/wp-content\/uploads\/2024\/12\/private-transportation-for-groups-in-puerto-vallarta-00003-600x600.jpg\" class=\"attachment-codevz_600_600\" alt=\"\" title=\"private transportation for groups in puerto vallarta 00003\" srcset=\"https:\/\/onlyrivieragroup.com\/wp-content\/uploads\/2024\/12\/private-transportation-for-groups-in-puerto-vallarta-00003-600x600.jpg 600w, https:\/\/onlyrivieragroup.com\/wp-content\/uploads\/2024\/12\/private-transportation-for-groups-in-puerto-vallarta-00003-150x150.jpg 150w, https:\/\/onlyrivieragroup.com\/wp-content\/uploads\/2024\/12\/private-transportation-for-groups-in-puerto-vallarta-00003-100x100.jpg 100w\" sizes=\"auto, (max-width: 600px) 100vw, 600px\" \/><div class=\"cz_grid_details\"><i class=\"fa fa-search cz_grid_icon\"><\/i><\/div><\/a><\/div><\/div><\/div><\/div>[\/vc_column_inner][\/vc_row_inner][\/vc_column][\/vc_row][vc_row full_width=\u00bbstretch_row_content_no_spaces\u00bb][vc_column]<div class=\"cz_eqh cz_content_box_parent_fx  \"><div id=\"cz_103689\" class=\"cz_103689 cz_content_box clr wpb_animate_when_almost_visible fadeInUp\"><div class=\"cz_box_front clr\"><div class=\"cz_box_front_inner clr cz_content_box_full_stretch\"><span><\/span><div><div id=\"cz_42824\" class=\"cz_42824 cz_title clr cz_mobile_text_center cz_title_pos_center\"><div class=\"cz_title_content\"><div class=\"cz_wpe_content\"><h4>Completa tu informaci\u00f3n<\/h4>\n<\/div><\/div><\/div><div id=\"cz_105460\" class=\"cz_105460 cz_cf7 clr\"><div>\n<div class=\"wpcf7 no-js\" id=\"wpcf7-f3431-o1\" lang=\"es-ES\" dir=\"ltr\" data-wpcf7-id=\"3431\">\n<div class=\"screen-reader-response\"><p role=\"status\" aria-live=\"polite\" aria-atomic=\"true\"><\/p> <ul><\/ul><\/div>\n<form action=\"\/es\/wp-json\/wp\/v2\/pages\/3367#wpcf7-f3431-o1\" method=\"post\" class=\"wpcf7-form init\" aria-label=\"Formulario de contacto\" novalidate=\"novalidate\" data-status=\"init\">\n<fieldset class=\"hidden-fields-container\"><input type=\"hidden\" name=\"_wpcf7\" value=\"3431\" \/><input type=\"hidden\" name=\"_wpcf7_version\" value=\"6.1.3\" \/><input type=\"hidden\" name=\"_wpcf7_locale\" value=\"es_ES\" \/><input type=\"hidden\" name=\"_wpcf7_unit_tag\" value=\"wpcf7-f3431-o1\" \/><input type=\"hidden\" name=\"_wpcf7_container_post\" value=\"0\" \/><input type=\"hidden\" name=\"_wpcf7_posted_data_hash\" value=\"\" \/><input type=\"hidden\" name=\"_wpcf7_recaptcha_response\" value=\"\" \/>\n<\/fieldset>\n<p><label> Nombre completo: <\/label><br \/>\n<span class=\"wpcf7-form-control-wrap\" data-name=\"your-name\"><input size=\"40\" maxlength=\"400\" class=\"wpcf7-form-control wpcf7-text wpcf7-validates-as-required\" aria-required=\"true\" aria-invalid=\"false\" value=\"\" type=\"text\" name=\"your-name\" \/><\/span>\n<\/p>\n<p><label>Correo electr\u00f3nico<\/label><br \/>\n<span class=\"wpcf7-form-control-wrap\" data-name=\"your-email\"><input size=\"40\" maxlength=\"400\" class=\"wpcf7-form-control wpcf7-email wpcf7-validates-as-required wpcf7-text wpcf7-validates-as-email\" aria-required=\"true\" aria-invalid=\"false\" value=\"\" type=\"email\" name=\"your-email\" \/><\/span>\n<\/p>\n<p><label>Tel\u00e9fono<\/label><br \/>\n<span class=\"wpcf7-form-control-wrap\" data-name=\"your-phone\"><input size=\"40\" maxlength=\"400\" class=\"wpcf7-form-control wpcf7-text wpcf7-validates-as-required\" aria-required=\"true\" aria-invalid=\"false\" value=\"\" type=\"text\" name=\"your-phone\" \/><\/span>\n<\/p>\n<p><label>Fecha del evento<\/label><br \/>\n<span class=\"wpcf7-form-control-wrap\" data-name=\"event-date\"><input class=\"wpcf7-form-control wpcf7-date wpcf7-validates-as-required wpcf7-validates-as-date\" aria-required=\"true\" aria-invalid=\"false\" value=\"\" type=\"date\" name=\"event-date\" \/><\/span>\n<\/p>\n<p><label>N\u00famero de invitados<\/label><br \/>\n<span class=\"wpcf7-form-control-wrap\" data-name=\"passengers\"><input class=\"wpcf7-form-control wpcf7-number wpcf7-validates-as-required wpcf7-validates-as-number\" min=\"1\" aria-required=\"true\" aria-invalid=\"false\" value=\"\" type=\"number\" name=\"passengers\" \/><\/span>\n<\/p>\n<p><label>Tipo de evento<\/label><br \/>\n<span class=\"wpcf7-form-control-wrap\" data-name=\"your-event\"><select class=\"wpcf7-form-control wpcf7-select\" aria-invalid=\"false\" name=\"your-event\"><option value=\"Boda\">Boda<\/option><option value=\"Cumplea\u00f1os\">Cumplea\u00f1os<\/option><option value=\"Evento corporativo\">Evento corporativo<\/option><option value=\"Evento familiar\">Evento familiar<\/option><option value=\"Otro\">Otro<\/option><\/select><\/span>\n<\/p>\n<p><label>Ubicaci\u00f3n de recogida<\/label><br \/>\n<span class=\"wpcf7-form-control-wrap\" data-name=\"pickup-location\"><input size=\"40\" maxlength=\"400\" class=\"wpcf7-form-control wpcf7-text wpcf7-validates-as-required\" aria-required=\"true\" aria-invalid=\"false\" value=\"\" type=\"text\" name=\"pickup-location\" \/><\/span>\n<\/p>\n<p><label for=\"paseo-details\">Cu\u00e9ntenos m\u00e1s sobre su viaje:<\/label><br \/>\n<span class=\"wpcf7-form-control-wrap\" data-name=\"paseo-details\"><textarea cols=\"40\" rows=\"10\" maxlength=\"2000\" class=\"wpcf7-form-control wpcf7-textarea\" aria-invalid=\"false\" placeholder=\"Cu\u00e9ntenos m\u00e1s sobre su viaje, por ejemplo: Vamos al destino para celebrar una boda, asistiremos a una conferencia.\" name=\"paseo-details\"><\/textarea><\/span>\n<\/p>\n<p><input class=\"wpcf7-form-control wpcf7-submit has-spinner\" type=\"submit\" value=\"Enviar\" \/>\n<\/p><div class=\"wpcf7-response-output\" aria-hidden=\"true\"><\/div>\n<\/form>\n<\/div>\n<\/div><\/div><\/div><\/div><\/div><\/div><\/div>[\/vc_column][\/vc_row][vc_row][vc_column][\/vc_column][\/vc_row]<\/p>\n<\/div>","protected":false},"excerpt":{"rendered":"<p>[vc_row][vc_column][\/vc_column][\/vc_row][vc_row css=\u00bb.vc_custom_1734018044640{margin-right: 7px !important;margin-bottom: 10px !important;margin-left: 7px !important;background-image: url(https:\/\/onlyrivieragroup.com\/wp-content\/uploads\/2024\/12\/private-transportation-for-groups-in-puerto-vallarta-00002.jpg?id=2621) !important;background-position: center &#8230; <\/p>\n","protected":false},"author":2,"featured_media":0,"parent":0,"menu_order":0,"comment_status":"closed","ping_status":"closed","template":"","meta":{"footnotes":""},"class_list":["post-3367","page","type-page","status-publish","hentry"],"_links":{"self":[{"href":"https:\/\/onlyrivieragroup.com\/es\/wp-json\/wp\/v2\/pages\/3367","targetHints":{"allow":["GET"]}}],"collection":[{"href":"https:\/\/onlyrivieragroup.com\/es\/wp-json\/wp\/v2\/pages"}],"about":[{"href":"https:\/\/onlyrivieragroup.com\/es\/wp-json\/wp\/v2\/types\/page"}],"author":[{"embeddable":true,"href":"https:\/\/onlyrivieragroup.com\/es\/wp-json\/wp\/v2\/users\/2"}],"replies":[{"embeddable":true,"href":"https:\/\/onlyrivieragroup.com\/es\/wp-json\/wp\/v2\/comments?post=3367"}],"version-history":[{"count":5,"href":"https:\/\/onlyrivieragroup.com\/es\/wp-json\/wp\/v2\/pages\/3367\/revisions"}],"predecessor-version":[{"id":3372,"href":"https:\/\/onlyrivieragroup.com\/es\/wp-json\/wp\/v2\/pages\/3367\/revisions\/3372"}],"wp:attachment":[{"href":"https:\/\/onlyrivieragroup.com\/es\/wp-json\/wp\/v2\/media?parent=3367"}],"curies":[{"name":"wp","href":"https:\/\/api.w.org\/{rel}","templated":true}]}}