{"id":3373,"date":"2024-11-21T15:45:09","date_gmt":"2024-11-21T21:45:09","guid":{"rendered":"https:\/\/onlyrivieragroup.com\/chauffeur\/"},"modified":"2025-02-07T17:02:40","modified_gmt":"2025-02-07T23:02:40","slug":"chofer","status":"publish","type":"page","link":"https:\/\/onlyrivieragroup.com\/es\/chofer\/","title":{"rendered":"Chofer"},"content":{"rendered":"<div class=\"wpb-content-wrapper\"><p>[vc_row css_animation=\u00bbfadeInUp\u00bb][vc_column]<div class=\"cz_eqh cz_content_box_parent_fx  \"><div id=\"cz_77259\" class=\"cz_77259 cz_content_box clr\"><div class=\"cz_box_front clr\"><div class=\"cz_box_front_inner clr cz_content_box_full_stretch\"><span><\/span><div>[vc_row_inner][vc_column_inner width=\u00bb1\/2&#8243;]<div id=\"cz_19276\" data-position=\"top-right\" class=\"cz_19276 cz_image clr cz_image_no_fx center_on_mobile hide_on_mobile\"><div class=\"\" ><div class=\"cz_image_in\"><div class=\"cz_main_image\"><img loading=\"lazy\" decoding=\"async\" width=\"1280\" height=\"720\" src=\"https:\/\/onlyrivieragroup.com\/wp-content\/uploads\/2024\/11\/vip-transportation-service-in-puerto-vallarta-00012-de-tamano-grande.jpeg\" class=\"attachment-full\" alt=\"\" title=\"vip transportation service in puerto vallarta 00012 de taman\u0303o grande\" srcset=\"https:\/\/onlyrivieragroup.com\/wp-content\/uploads\/2024\/11\/vip-transportation-service-in-puerto-vallarta-00012-de-tamano-grande.jpeg 1280w, https:\/\/onlyrivieragroup.com\/wp-content\/uploads\/2024\/11\/vip-transportation-service-in-puerto-vallarta-00012-de-tamano-grande-300x169.jpeg 300w, https:\/\/onlyrivieragroup.com\/wp-content\/uploads\/2024\/11\/vip-transportation-service-in-puerto-vallarta-00012-de-tamano-grande-1024x576.jpeg 1024w, https:\/\/onlyrivieragroup.com\/wp-content\/uploads\/2024\/11\/vip-transportation-service-in-puerto-vallarta-00012-de-tamano-grande-768x432.jpeg 768w, https:\/\/onlyrivieragroup.com\/wp-content\/uploads\/2024\/11\/vip-transportation-service-in-puerto-vallarta-00012-de-tamano-grande-600x338.jpeg 600w, https:\/\/onlyrivieragroup.com\/wp-content\/uploads\/2024\/11\/vip-transportation-service-in-puerto-vallarta-00012-de-tamano-grande-170x96.jpeg 170w, https:\/\/onlyrivieragroup.com\/wp-content\/uploads\/2024\/11\/vip-transportation-service-in-puerto-vallarta-00012-de-tamano-grande-110x62.jpeg 110w, https:\/\/onlyrivieragroup.com\/wp-content\/uploads\/2024\/11\/vip-transportation-service-in-puerto-vallarta-00012-de-tamano-grande-1000x563.jpeg 1000w\" sizes=\"auto, (max-width: 1280px) 100vw, 1280px\" \/><\/div><\/div><\/div><\/div><div id=\"cz_19564\" data-position=\"top-right\" class=\"cz_19564 cz_image clr cz_image_no_fx center_on_mobile hide_on_mobile\"><div class=\"\" ><div class=\"cz_image_in\"><div class=\"cz_main_image\"><img loading=\"lazy\" decoding=\"async\" width=\"1600\" height=\"900\" src=\"https:\/\/onlyrivieragroup.com\/wp-content\/uploads\/2024\/12\/private-transportation-for-groups-in-puerto-vallarta-00001.jpg\" class=\"attachment-full\" alt=\"\" title=\"private transportation for groups in puerto vallarta 00001\" srcset=\"https:\/\/onlyrivieragroup.com\/wp-content\/uploads\/2024\/12\/private-transportation-for-groups-in-puerto-vallarta-00001.jpg 1600w, https:\/\/onlyrivieragroup.com\/wp-content\/uploads\/2024\/12\/private-transportation-for-groups-in-puerto-vallarta-00001-300x169.jpg 300w, https:\/\/onlyrivieragroup.com\/wp-content\/uploads\/2024\/12\/private-transportation-for-groups-in-puerto-vallarta-00001-1024x576.jpg 1024w, https:\/\/onlyrivieragroup.com\/wp-content\/uploads\/2024\/12\/private-transportation-for-groups-in-puerto-vallarta-00001-768x432.jpg 768w, https:\/\/onlyrivieragroup.com\/wp-content\/uploads\/2024\/12\/private-transportation-for-groups-in-puerto-vallarta-00001-1536x864.jpg 1536w, https:\/\/onlyrivieragroup.com\/wp-content\/uploads\/2024\/12\/private-transportation-for-groups-in-puerto-vallarta-00001-600x338.jpg 600w, https:\/\/onlyrivieragroup.com\/wp-content\/uploads\/2024\/12\/private-transportation-for-groups-in-puerto-vallarta-00001-170x96.jpg 170w, https:\/\/onlyrivieragroup.com\/wp-content\/uploads\/2024\/12\/private-transportation-for-groups-in-puerto-vallarta-00001-110x62.jpg 110w, https:\/\/onlyrivieragroup.com\/wp-content\/uploads\/2024\/12\/private-transportation-for-groups-in-puerto-vallarta-00001-1000x563.jpg 1000w\" sizes=\"auto, (max-width: 1600px) 100vw, 1600px\" \/><\/div><\/div><\/div><\/div>[\/vc_column_inner][vc_column_inner width=\u00bb1\/2&#8243;]<div id=\"cz_25863\" class=\"cz_25863 cz_title clr cz_mobile_text_center cz_title_pos_center\"><div class=\"cz_title_content\"><div class=\"cz_wpe_content\"><h1>Servicio de Chof\u00e9r en Puerto Vallarta y Riviera Nayarit<\/h1>\n<\/div><\/div><\/div><div id=\"cz_72457\" class=\"cz_72457 cz_title clr cz_mobile_text_center cz_title_has_bg cz_title_pos_center tac\"><div class=\"cz_title_content\"><div class=\"cz_wpe_content\"><h2 style=\"text-align: center;\">Servicio de Chof\u00e9r Premium<\/h2>\n<\/div><\/div><\/div><div id=\"cz_48620\" class=\"cz_48620 cz_title clr cz_mobile_text_center cz_title_pos_center tac\"><div class=\"cz_title_content\"><div class=\"cz_wpe_content\"><h3 style=\"text-align: center;\">Ch\u00f3fer privado y concierge<\/h3>\n<p style=\"text-align: center;\">Experimenta la flexibilidad y la comodidad con nuestro servicio premium de ch\u00f3fer privado y concierge, adaptado a los pasajeros que necesitan un transporte confiable durante su estancia en Puerto Vallarta y Riviera Nayarit.<\/p>\n<p>&nbsp;<\/p>\n<p style=\"text-align: center;\">Tanto si viajas por negocios como por placer, nuestro servicio est\u00e1 dise\u00f1ado para adaptarse a sus necesidades, ofreci\u00e9ndole transporte personalizado a cualquier destino y en cualquier momento.<\/p>\n<\/div><\/div><\/div>[\/vc_column_inner][\/vc_row_inner]<\/div><\/div><\/div><\/div><\/div>[\/vc_column][\/vc_row][vc_row css=\u00bb.vc_custom_1733948612791{margin-right: 7px !important;margin-bottom: 10px !important;margin-left: 7px !important;background-image: url(https:\/\/onlyrivieragroup.com\/wp-content\/uploads\/2024\/11\/vip-transportation-service-in-puerto-vallarta-00012-de-tamano-grande.jpeg?id=2408) !important;background-position: center !important;background-repeat: no-repeat !important;background-size: cover !important;}\u00bb][vc_column offset=\u00bbvc_hidden-lg vc_hidden-md\u00bb]<div class=\"cz_gap clr  hide_on_mobile\" style=\"height: 0px\"><\/div><div class=\"cz_gap show_on_mobile clr\" style=\"height: 300px\"><\/div>[\/vc_column][\/vc_row][vc_row css_animation=\u00bbfadeInUp\u00bb][vc_column][vc_row_inner][vc_column_inner]<div id=\"cz_32748\" class=\"cz_grid_p cz_32748\"><div class=\"cz_grid cz_grid_1 clr cz_grid_c4 cz_grid_1_no_hover cz_grid_1_mid tac cz_grid_two_columns_on_mobile cz_tooltip cz_grid_1_no_title\"><div class=\"cz_grid_item cz_grid_first\"><\/div><div class=\"cz_grid_item \"><div data-title=\"vip transportation service in puerto vallarta 00002 de taman\u0303o grande\"><a class=\"cz_grid_link \" href=\"https:\/\/onlyrivieragroup.com\/wp-content\/uploads\/2024\/11\/vip-transportation-service-in-puerto-vallarta-00002-de-tamano-grande.jpeg\" data-xtra-lightbox><img loading=\"lazy\" decoding=\"async\" width=\"600\" height=\"600\" src=\"https:\/\/onlyrivieragroup.com\/wp-content\/uploads\/2024\/11\/vip-transportation-service-in-puerto-vallarta-00002-de-tamano-grande-600x600.jpeg\" class=\"attachment-codevz_600_600\" alt=\"\" title=\"vip transportation service in puerto vallarta 00002 de taman\u0303o grande\" srcset=\"https:\/\/onlyrivieragroup.com\/wp-content\/uploads\/2024\/11\/vip-transportation-service-in-puerto-vallarta-00002-de-tamano-grande-600x600.jpeg 600w, https:\/\/onlyrivieragroup.com\/wp-content\/uploads\/2024\/11\/vip-transportation-service-in-puerto-vallarta-00002-de-tamano-grande-150x150.jpeg 150w, https:\/\/onlyrivieragroup.com\/wp-content\/uploads\/2024\/11\/vip-transportation-service-in-puerto-vallarta-00002-de-tamano-grande-100x100.jpeg 100w\" sizes=\"auto, (max-width: 600px) 100vw, 600px\" \/><div class=\"cz_grid_details\"><i class=\"fa fa-search cz_grid_icon\"><\/i><\/div><\/a><\/div><\/div><div class=\"cz_grid_item \"><div data-title=\"vip transportation service in puerto vallarta 00004 de taman\u0303o grande\"><a class=\"cz_grid_link \" href=\"https:\/\/onlyrivieragroup.com\/wp-content\/uploads\/2024\/11\/vip-transportation-service-in-puerto-vallarta-00004-de-tamano-grande.jpeg\" data-xtra-lightbox><img loading=\"lazy\" decoding=\"async\" width=\"600\" height=\"600\" src=\"https:\/\/onlyrivieragroup.com\/wp-content\/uploads\/2024\/11\/vip-transportation-service-in-puerto-vallarta-00004-de-tamano-grande-600x600.jpeg\" class=\"attachment-codevz_600_600\" alt=\"\" title=\"vip transportation service in puerto vallarta 00004 de taman\u0303o grande\" srcset=\"https:\/\/onlyrivieragroup.com\/wp-content\/uploads\/2024\/11\/vip-transportation-service-in-puerto-vallarta-00004-de-tamano-grande-600x600.jpeg 600w, https:\/\/onlyrivieragroup.com\/wp-content\/uploads\/2024\/11\/vip-transportation-service-in-puerto-vallarta-00004-de-tamano-grande-150x150.jpeg 150w, https:\/\/onlyrivieragroup.com\/wp-content\/uploads\/2024\/11\/vip-transportation-service-in-puerto-vallarta-00004-de-tamano-grande-100x100.jpeg 100w\" sizes=\"auto, (max-width: 600px) 100vw, 600px\" \/><div class=\"cz_grid_details\"><i class=\"fa fa-search cz_grid_icon\"><\/i><\/div><\/a><\/div><\/div><div class=\"cz_grid_item \"><div data-title=\"vip transportation service in puerto vallarta 00006 de taman\u0303o grande\"><a class=\"cz_grid_link \" href=\"https:\/\/onlyrivieragroup.com\/wp-content\/uploads\/2024\/11\/vip-transportation-service-in-puerto-vallarta-00006-de-tamano-grande.jpeg\" data-xtra-lightbox><img loading=\"lazy\" decoding=\"async\" width=\"600\" height=\"600\" src=\"https:\/\/onlyrivieragroup.com\/wp-content\/uploads\/2024\/11\/vip-transportation-service-in-puerto-vallarta-00006-de-tamano-grande-600x600.jpeg\" class=\"attachment-codevz_600_600\" alt=\"\" title=\"vip transportation service in puerto vallarta 00006 de taman\u0303o grande\" srcset=\"https:\/\/onlyrivieragroup.com\/wp-content\/uploads\/2024\/11\/vip-transportation-service-in-puerto-vallarta-00006-de-tamano-grande-600x600.jpeg 600w, https:\/\/onlyrivieragroup.com\/wp-content\/uploads\/2024\/11\/vip-transportation-service-in-puerto-vallarta-00006-de-tamano-grande-150x150.jpeg 150w, https:\/\/onlyrivieragroup.com\/wp-content\/uploads\/2024\/11\/vip-transportation-service-in-puerto-vallarta-00006-de-tamano-grande-100x100.jpeg 100w\" sizes=\"auto, (max-width: 600px) 100vw, 600px\" \/><div class=\"cz_grid_details\"><i class=\"fa fa-search cz_grid_icon\"><\/i><\/div><\/a><\/div><\/div><div class=\"cz_grid_item \"><div data-title=\"Exclusive transportation service in puerto vallarta00001\"><a class=\"cz_grid_link \" href=\"https:\/\/onlyrivieragroup.com\/wp-content\/uploads\/2024\/11\/Exclusive-transportation-service-in-puerto-vallarta00001.jpg\" data-xtra-lightbox><img loading=\"lazy\" decoding=\"async\" width=\"600\" height=\"600\" src=\"https:\/\/onlyrivieragroup.com\/wp-content\/uploads\/2024\/11\/Exclusive-transportation-service-in-puerto-vallarta00001-600x600.jpg\" class=\"attachment-codevz_600_600\" alt=\"\" title=\"Exclusive transportation service in puerto vallarta00001\" srcset=\"https:\/\/onlyrivieragroup.com\/wp-content\/uploads\/2024\/11\/Exclusive-transportation-service-in-puerto-vallarta00001-600x600.jpg 600w, https:\/\/onlyrivieragroup.com\/wp-content\/uploads\/2024\/11\/Exclusive-transportation-service-in-puerto-vallarta00001-150x150.jpg 150w, https:\/\/onlyrivieragroup.com\/wp-content\/uploads\/2024\/11\/Exclusive-transportation-service-in-puerto-vallarta00001-100x100.jpg 100w\" sizes=\"auto, (max-width: 600px) 100vw, 600px\" \/><div class=\"cz_grid_details\"><i class=\"fa fa-search cz_grid_icon\"><\/i><\/div><\/a><\/div><\/div><\/div><\/div>[\/vc_column_inner][\/vc_row_inner][\/vc_column][\/vc_row][vc_row full_width=\u00bbstretch_row_content_no_spaces\u00bb][vc_column]<div class=\"cz_eqh cz_content_box_parent_fx  \"><div id=\"cz_103689\" class=\"cz_103689 cz_content_box clr wpb_animate_when_almost_visible fadeInUp\"><div class=\"cz_box_front clr\"><div class=\"cz_box_front_inner clr cz_content_box_full_stretch\"><span><\/span><div><div id=\"cz_42824\" class=\"cz_42824 cz_title clr cz_mobile_text_center cz_title_pos_center\"><div class=\"cz_title_content\"><div class=\"cz_wpe_content\"><h4>Completa tu informaci\u00f3n<\/h4>\n<\/div><\/div><\/div><div id=\"cz_92544\" class=\"cz_92544 cz_cf7 clr\"><div>\n<div class=\"wpcf7 no-js\" id=\"wpcf7-f3430-o1\" lang=\"es-ES\" dir=\"ltr\" data-wpcf7-id=\"3430\">\n<div class=\"screen-reader-response\"><p role=\"status\" aria-live=\"polite\" aria-atomic=\"true\"><\/p> <ul><\/ul><\/div>\n<form action=\"\/es\/wp-json\/wp\/v2\/pages\/3373#wpcf7-f3430-o1\" method=\"post\" class=\"wpcf7-form init\" aria-label=\"Formulario de contacto\" novalidate=\"novalidate\" data-status=\"init\">\n<fieldset class=\"hidden-fields-container\"><input type=\"hidden\" name=\"_wpcf7\" value=\"3430\" \/><input type=\"hidden\" name=\"_wpcf7_version\" value=\"6.1.3\" \/><input type=\"hidden\" name=\"_wpcf7_locale\" value=\"es_ES\" \/><input type=\"hidden\" name=\"_wpcf7_unit_tag\" value=\"wpcf7-f3430-o1\" \/><input type=\"hidden\" name=\"_wpcf7_container_post\" value=\"0\" \/><input type=\"hidden\" name=\"_wpcf7_posted_data_hash\" value=\"\" \/><input type=\"hidden\" name=\"_wpcf7_recaptcha_response\" value=\"\" \/>\n<\/fieldset>\n<p>Nombre completo:<br \/>\n<span class=\"wpcf7-form-control-wrap\" data-name=\"full-name\"><input size=\"40\" maxlength=\"400\" class=\"wpcf7-form-control wpcf7-text wpcf7-validates-as-required\" aria-required=\"true\" aria-invalid=\"false\" placeholder=\"Ingrese su nombre\" value=\"\" type=\"text\" name=\"full-name\" \/><\/span>\n<\/p>\n<p>Correo electr\u00f3nico:<br \/>\n<span class=\"wpcf7-form-control-wrap\" data-name=\"email\"><input size=\"40\" maxlength=\"400\" class=\"wpcf7-form-control wpcf7-email wpcf7-validates-as-required wpcf7-text wpcf7-validates-as-email\" aria-required=\"true\" aria-invalid=\"false\" placeholder=\"Ingrese su correo electr\u00f3nico\" value=\"\" type=\"email\" name=\"email\" \/><\/span>\n<\/p>\n<p>N\u00famero de tel\u00e9fono:<br \/>\n<span class=\"wpcf7-form-control-wrap\" data-name=\"phone\"><input size=\"40\" maxlength=\"400\" class=\"wpcf7-form-control wpcf7-tel wpcf7-validates-as-required wpcf7-text wpcf7-validates-as-tel\" aria-required=\"true\" aria-invalid=\"false\" placeholder=\"Ingrese su n\u00famero de tel\u00e9fono\" value=\"\" type=\"tel\" name=\"phone\" \/><\/span>\n<\/p>\n<p>N\u00famero de pasajeros:<br \/>\n<span class=\"wpcf7-form-control-wrap\" data-name=\"pax\"><input class=\"wpcf7-form-control wpcf7-number wpcf7-validates-as-required wpcf7-validates-as-number\" aria-required=\"true\" aria-invalid=\"false\" placeholder=\"Ingrese el n\u00famero de pasajeros\" value=\"\" type=\"number\" name=\"pax\" \/><\/span>\n<\/p>\n<p>Fecha de transporte:<br \/>\n<span class=\"wpcf7-form-control-wrap\" data-name=\"transport-date\"><input class=\"wpcf7-form-control wpcf7-date wpcf7-validates-as-required wpcf7-validates-as-date\" aria-required=\"true\" aria-invalid=\"false\" placeholder=\"DD\/MM\/AAAA\" value=\"\" type=\"date\" name=\"transport-date\" \/><\/span>\n<\/p>\n<p>\u00bfA d\u00f3nde quiere ir?:<br \/>\n<span class=\"wpcf7-form-control-wrap\" data-name=\"destination\"><input size=\"40\" maxlength=\"400\" class=\"wpcf7-form-control wpcf7-text wpcf7-validates-as-required\" aria-required=\"true\" aria-invalid=\"false\" placeholder=\"Ingrese su destino\" value=\"\" type=\"text\" name=\"destination\" \/><\/span>\n<\/p>\n<p>Hora de llegada al destino:<br \/>\n<span class=\"wpcf7-form-control-wrap\" data-name=\"departure-time\"><input size=\"40\" maxlength=\"400\" class=\"wpcf7-form-control wpcf7-text wpcf7-validates-as-required\" aria-required=\"true\" aria-invalid=\"false\" placeholder=\"Ingrese la hora de llegada (Ejemplo: 9:00 AM)\" value=\"\" type=\"text\" name=\"departure-time\" \/><\/span>\n<\/p>\n<p>Hora de regreso:<br \/>\n<span class=\"wpcf7-form-control-wrap\" data-name=\"return-time\"><input size=\"40\" maxlength=\"400\" class=\"wpcf7-form-control wpcf7-text wpcf7-validates-as-required\" aria-required=\"true\" aria-invalid=\"false\" placeholder=\"Ingrese la hora de regreso (Ejemplo: 6:00 PM)\" value=\"\" type=\"text\" name=\"return-time\" \/><\/span>\n<\/p>\n<p><input class=\"wpcf7-form-control wpcf7-submit has-spinner\" type=\"submit\" value=\"Enviar\" \/>\n<\/p><div class=\"wpcf7-response-output\" aria-hidden=\"true\"><\/div>\n<\/form>\n<\/div>\n<\/div><\/div><\/div><\/div><\/div><\/div><\/div>[\/vc_column][\/vc_row][vc_row][vc_column][\/vc_column][\/vc_row]<\/p>\n<\/div>","protected":false},"excerpt":{"rendered":"<p>[vc_row css_animation=\u00bbfadeInUp\u00bb][vc_column][\/vc_column][\/vc_row][vc_row css=\u00bb.vc_custom_1733948612791{margin-right: 7px !important;margin-bottom: 10px !important;margin-left: 7px !important;background-image: url(https:\/\/onlyrivieragroup.com\/wp-content\/uploads\/2024\/11\/vip-transportation-service-in-puerto-vallarta-00012-de-tamano-grande.jpeg?id=2408) !important;background-position: &#8230; <\/p>\n","protected":false},"author":2,"featured_media":0,"parent":0,"menu_order":0,"comment_status":"closed","ping_status":"closed","template":"","meta":{"footnotes":""},"class_list":["post-3373","page","type-page","status-publish","hentry"],"_links":{"self":[{"href":"https:\/\/onlyrivieragroup.com\/es\/wp-json\/wp\/v2\/pages\/3373","targetHints":{"allow":["GET"]}}],"collection":[{"href":"https:\/\/onlyrivieragroup.com\/es\/wp-json\/wp\/v2\/pages"}],"about":[{"href":"https:\/\/onlyrivieragroup.com\/es\/wp-json\/wp\/v2\/types\/page"}],"author":[{"embeddable":true,"href":"https:\/\/onlyrivieragroup.com\/es\/wp-json\/wp\/v2\/users\/2"}],"replies":[{"embeddable":true,"href":"https:\/\/onlyrivieragroup.com\/es\/wp-json\/wp\/v2\/comments?post=3373"}],"version-history":[{"count":2,"href":"https:\/\/onlyrivieragroup.com\/es\/wp-json\/wp\/v2\/pages\/3373\/revisions"}],"predecessor-version":[{"id":3375,"href":"https:\/\/onlyrivieragroup.com\/es\/wp-json\/wp\/v2\/pages\/3373\/revisions\/3375"}],"wp:attachment":[{"href":"https:\/\/onlyrivieragroup.com\/es\/wp-json\/wp\/v2\/media?parent=3373"}],"curies":[{"name":"wp","href":"https:\/\/api.w.org\/{rel}","templated":true}]}}