{"id":3382,"date":"2024-11-20T17:06:22","date_gmt":"2024-11-20T23:06:22","guid":{"rendered":"https:\/\/onlyrivieragroup.com\/about\/"},"modified":"2025-02-07T17:03:16","modified_gmt":"2025-02-07T23:03:16","slug":"sobre-nosotros","status":"publish","type":"page","link":"https:\/\/onlyrivieragroup.com\/es\/sobre-nosotros\/","title":{"rendered":"Sobre nosotros"},"content":{"rendered":"<div class=\"wpb-content-wrapper\"><p>[vc_row][vc_column]<div class=\"cz_eqh cz_content_box_parent_fx  \"><div id=\"cz_71270\" class=\"cz_71270 cz_content_box clr wpb_animate_when_almost_visible fadeInUp\"><div class=\"cz_box_front clr\"><div class=\"cz_box_front_inner clr \"><span><\/span><div>[vc_row_inner][vc_column_inner width=\u00bb1\/2&#8243;]<div id=\"cz_101835\" class=\"cz_101835 cz_title clr cz_mobile_text_center cz_title_pos_center\"><div class=\"cz_title_content\"><div class=\"cz_wpe_content\"><h1>Servicio de transportaci\u00f3n en Puerto Vallarta<\/h1>\n<\/div><\/div><\/div><div id=\"cz_45469\" class=\"cz_45469 cz_title clr cz_mobile_text_center cz_title_has_bg cz_title_pos_center tac\"><div class=\"cz_title_content\"><div class=\"cz_wpe_content\"><h2 style=\"text-align: center;\">Sobre nuestro servicio<\/h2>\n<\/div><\/div><\/div><div id=\"cz_71224\" class=\"cz_71224 cz_title clr cz_mobile_text_center cz_title_pos_inline\"><div class=\"cz_title_content\"><div class=\"cz_wpe_content\"><p>Somos una empresa de transportaci\u00f3n con m\u00e1s de 8 a\u00f1os de experiencia sirviendo en Puerto Vallarta y Riviera Nayarit. A lo largo de nuestra trayectoria, hemos construido una reputaci\u00f3n de brindar servicios de transporte excepcionales y exclusivos para personas VIP.<\/p>\n<p>&nbsp;<\/p>\n<p>Nuestro equipo de conductores biling\u00fces y certificados, junto con personal experto en log\u00edstica, aporta un amplio conocimiento del Aeropuerto Internacional de Puerto Vallarta, los mejores resorts y las principales zonas tur\u00edsticas de la regi\u00f3n. Su profesionalismo y dedicaci\u00f3n aseguran una experiencia fluida y placentera para todos nuestros clientes.<\/p>\n<p>&nbsp;<\/p>\n<p>Utilizando tecnolog\u00eda de comunicaci\u00f3n de vanguardia, rastreamos cada traslado en tiempo real para brindarle la m\u00e1xima seguridad y confiabilidad. La flexibilidad es el n\u00facleo de nuestro servicio, lo que nos permite adaptarnos a las necesidades \u00fanicas de nuestros clientes VIP y sus invitados.<\/p>\n<p>La seguridad y la comodidad son nuestras principales prioridades. Solo Riviera Group ofrece una experiencia de transporte premium con una flota de veh\u00edculos de primera l\u00ednea y conductores privados y profesionales comprometidos con la excelencia.<\/p>\n<\/div><\/div><\/div><div id=\"cz_72959\" class=\"cz_72959 cz_title clr cz_mobile_text_center cz_title_pos_left\"><div class=\"cz_title_content\"><div class=\"cz_wpe_content\"><h4><strong><i class=\"far fa-circle-check\"><\/i> + 8 a\u00f1os de experiencia<br \/>\n<i class=\"far fa-circle-check\"><\/i>\u00a0Transportaci\u00f3n VIP<br \/>\n<i class=\"far fa-circle-check\"><\/i>\u00a0Staff biling\u00fce\u00a0<\/strong><\/h4>\n<\/div><\/div><\/div>[\/vc_column_inner][vc_column_inner width=\u00bb1\/2&#8243;]<div id=\"cz_77662\" data-position=\"top-right\" class=\"cz_77662 cz_image clr cz_image_no_fx center_on_mobile\"><div class=\"\" ><div class=\"cz_image_in\"><div class=\"cz_main_image\"><img loading=\"lazy\" decoding=\"async\" width=\"1080\" height=\"1350\" src=\"https:\/\/onlyrivieragroup.com\/wp-content\/uploads\/2024\/11\/o.jpg\" class=\"attachment-full\" alt=\"\" title=\"o\" srcset=\"https:\/\/onlyrivieragroup.com\/wp-content\/uploads\/2024\/11\/o.jpg 1080w, https:\/\/onlyrivieragroup.com\/wp-content\/uploads\/2024\/11\/o-240x300.jpg 240w, https:\/\/onlyrivieragroup.com\/wp-content\/uploads\/2024\/11\/o-819x1024.jpg 819w, https:\/\/onlyrivieragroup.com\/wp-content\/uploads\/2024\/11\/o-768x960.jpg 768w, https:\/\/onlyrivieragroup.com\/wp-content\/uploads\/2024\/11\/o-600x750.jpg 600w, https:\/\/onlyrivieragroup.com\/wp-content\/uploads\/2024\/11\/o-170x213.jpg 170w, https:\/\/onlyrivieragroup.com\/wp-content\/uploads\/2024\/11\/o-110x138.jpg 110w, https:\/\/onlyrivieragroup.com\/wp-content\/uploads\/2024\/11\/o-1000x1250.jpg 1000w\" sizes=\"auto, (max-width: 1080px) 100vw, 1080px\" \/><\/div><\/div><\/div><\/div>[\/vc_column_inner][\/vc_row_inner]<\/div><\/div><\/div><\/div><\/div>[\/vc_column][\/vc_row][vc_row][vc_column][\/vc_column][\/vc_row]<\/p>\n<\/div>","protected":false},"excerpt":{"rendered":"<p>[vc_row][vc_column][\/vc_column][\/vc_row][vc_row][vc_column][\/vc_column][\/vc_row] &#8230; <\/p>\n","protected":false},"author":2,"featured_media":0,"parent":0,"menu_order":0,"comment_status":"closed","ping_status":"closed","template":"","meta":{"footnotes":""},"class_list":["post-3382","page","type-page","status-publish","hentry"],"_links":{"self":[{"href":"https:\/\/onlyrivieragroup.com\/es\/wp-json\/wp\/v2\/pages\/3382","targetHints":{"allow":["GET"]}}],"collection":[{"href":"https:\/\/onlyrivieragroup.com\/es\/wp-json\/wp\/v2\/pages"}],"about":[{"href":"https:\/\/onlyrivieragroup.com\/es\/wp-json\/wp\/v2\/types\/page"}],"author":[{"embeddable":true,"href":"https:\/\/onlyrivieragroup.com\/es\/wp-json\/wp\/v2\/users\/2"}],"replies":[{"embeddable":true,"href":"https:\/\/onlyrivieragroup.com\/es\/wp-json\/wp\/v2\/comments?post=3382"}],"version-history":[{"count":3,"href":"https:\/\/onlyrivieragroup.com\/es\/wp-json\/wp\/v2\/pages\/3382\/revisions"}],"predecessor-version":[{"id":3385,"href":"https:\/\/onlyrivieragroup.com\/es\/wp-json\/wp\/v2\/pages\/3382\/revisions\/3385"}],"wp:attachment":[{"href":"https:\/\/onlyrivieragroup.com\/es\/wp-json\/wp\/v2\/media?parent=3382"}],"curies":[{"name":"wp","href":"https:\/\/api.w.org\/{rel}","templated":true}]}}