{"id":3400,"date":"2024-11-20T17:49:23","date_gmt":"2024-11-20T23:49:23","guid":{"rendered":"https:\/\/onlyrivieragroup.com\/cookie-policy\/"},"modified":"2025-02-07T16:51:37","modified_gmt":"2025-02-07T22:51:37","slug":"cookies","status":"publish","type":"page","link":"https:\/\/onlyrivieragroup.com\/es\/cookies\/","title":{"rendered":"Uso de cookies"},"content":{"rendered":"<p>En <strong>Only Riviera Group<\/strong>, utilizamos cookies para mejorar su experiencia en nuestro sitio web. Esta Pol\u00edtica de Cookies explica qu\u00e9 son las cookies, c\u00f3mo las usamos y c\u00f3mo puede administrar sus preferencias. Al utilizar nuestro sitio web, usted acepta el uso de cookies seg\u00fan lo descrito en esta pol\u00edtica.<\/p>\n<h3><strong>\u00bfQu\u00e9 Son las Cookies?<\/strong><\/h3>\n<p>Las cookies son peque\u00f1os archivos de texto almacenados en su dispositivo (<strong>computadora, tableta o tel\u00e9fono inteligente<\/strong>) cuando visita un sitio web. Estas ayudan a que los sitios web funcionen correctamente, mejoran la experiencia del usuario y proporcionan informaci\u00f3n sobre el uso del sitio.<\/p>\n<h3><strong>C\u00f3mo Usamos las Cookies<\/strong><\/h3>\n<p>Utilizamos cookies para los siguientes prop\u00f3sitos:<\/p>\n<ul>\n<li><strong>Cookies Esenciales:<\/strong> Son necesarias para el funcionamiento b\u00e1sico de nuestro sitio web, como permitir reservas seguras y la navegaci\u00f3n entre p\u00e1ginas.<\/li>\n<li><strong>Cookies de Rendimiento:<\/strong> Nos ayudan a comprender c\u00f3mo los visitantes usan nuestro sitio web mediante la recopilaci\u00f3n de datos an\u00f3nimos, los cuales utilizamos para mejorar el rendimiento y la experiencia del usuario.<\/li>\n<li><strong>Cookies Funcionales:<\/strong> Guardan sus preferencias (por ejemplo, idioma) para ofrecerle una experiencia m\u00e1s personalizada.<\/li>\n<li><strong>Cookies de Publicidad:<\/strong> Se utilizan para mostrar anuncios relevantes basados en su comportamiento de navegaci\u00f3n.<\/li>\n<\/ul>\n<h3><strong>Cookies de Terceros<\/strong><\/h3>\n<p>Podemos utilizar servicios de terceros, como herramientas de an\u00e1lisis o plataformas de publicidad, que colocan cookies en su dispositivo. Estos terceros son responsables de su uso de cookies, y le recomendamos revisar sus pol\u00edticas de privacidad para obtener m\u00e1s informaci\u00f3n.<\/p>\n<h3><strong>Cambios en Esta Pol\u00edtica<\/strong><\/h3>\n<p>Podemos actualizar esta Pol\u00edtica de Cookies peri\u00f3dicamente para reflejar cambios en la tecnolog\u00eda o requisitos legales. Cualquier actualizaci\u00f3n se publicar\u00e1 en esta p\u00e1gina con la fecha revisada.<\/p>\n<h3><strong>Cont\u00e1ctenos<\/strong><\/h3>\n<p>Si tiene alguna pregunta sobre nuestro uso de cookies o esta pol\u00edtica, cont\u00e1ctenos:<\/p>\n<p>\ud83d\udce7 <strong>Correo electr\u00f3nico:<\/strong> <a rel=\"noopener\">reservas@onlyrivieragroup.com<\/a><br \/>\n\ud83d\udcde <strong>Tel\u00e9fono:<\/strong> +52 322 117 4636<\/p>\n<p>Al continuar usando nuestro sitio web, usted acepta el uso de cookies seg\u00fan lo establecido en esta pol\u00edtica.<\/p>\n","protected":false},"excerpt":{"rendered":"<p>En Only Riviera Group, utilizamos cookies para mejorar su experiencia en &#8230; <\/p>\n","protected":false},"author":2,"featured_media":0,"parent":0,"menu_order":0,"comment_status":"closed","ping_status":"closed","template":"","meta":{"footnotes":""},"class_list":["post-3400","page","type-page","status-publish","hentry"],"_links":{"self":[{"href":"https:\/\/onlyrivieragroup.com\/es\/wp-json\/wp\/v2\/pages\/3400","targetHints":{"allow":["GET"]}}],"collection":[{"href":"https:\/\/onlyrivieragroup.com\/es\/wp-json\/wp\/v2\/pages"}],"about":[{"href":"https:\/\/onlyrivieragroup.com\/es\/wp-json\/wp\/v2\/types\/page"}],"author":[{"embeddable":true,"href":"https:\/\/onlyrivieragroup.com\/es\/wp-json\/wp\/v2\/users\/2"}],"replies":[{"embeddable":true,"href":"https:\/\/onlyrivieragroup.com\/es\/wp-json\/wp\/v2\/comments?post=3400"}],"version-history":[{"count":2,"href":"https:\/\/onlyrivieragroup.com\/es\/wp-json\/wp\/v2\/pages\/3400\/revisions"}],"predecessor-version":[{"id":3402,"href":"https:\/\/onlyrivieragroup.com\/es\/wp-json\/wp\/v2\/pages\/3400\/revisions\/3402"}],"wp:attachment":[{"href":"https:\/\/onlyrivieragroup.com\/es\/wp-json\/wp\/v2\/media?parent=3400"}],"curies":[{"name":"wp","href":"https:\/\/api.w.org\/{rel}","templated":true}]}}